{"id":18870,"date":"2024-10-03T15:16:52","date_gmt":"2024-10-03T15:16:52","guid":{"rendered":"https:\/\/c-tech-eg.com\/product\/dell-latitude-e7450-core-i7-5th-ram-8gb-hdd-256-gb-840-nvidia-2g-ddr3-wid-10\/"},"modified":"2024-10-14T13:00:31","modified_gmt":"2024-10-14T13:00:31","slug":"dell-latitude-e7450-core-i7-5th-ram-8gb-hdd-256-gb-840-nvidia-2g-ddr3-wid-10","status":"publish","type":"product","link":"https:\/\/c-tech-eg.com\/ar\/product\/dell-latitude-e7450-core-i7-5th-ram-8gb-hdd-256-gb-840-nvidia-2g-ddr3-wid-10\/","title":{"rendered":"Dell latitude E7450 Core i7-5th\/RAM 8GB\/HDD 256 GB \/ graphics 2GB , 840 NVIDIA \/Win 10"},"content":{"rendered":"<p>\u0639\u0644\u0649 \u0633\u0639\u0629 \u062a\u062e\u0632\u064a\u0646 256 \u062c\u064a\u062c\u0627\u0628\u0627\u064a\u062a \u0645\u0646 \u0646\u0648\u0639 HDD\u060c \u0648\u0628\u0637\u0627\u0642\u0629 \u0631\u0633\u0648\u0645\u0627\u062a NVIDIA GeForce 840 \u0628\u062d\u062c\u0645 2 \u062c\u064a\u062c\u0627\u0628\u0627\u064a\u062a. \u064a\u0639\u0645\u0644 \u0627\u0644\u062c\u0647\u0627\u0632 \u0628\u0646\u0638\u0627\u0645 Windows 10.<br \/>\u064a\u0645\u062a\u0627\u0632 \u0628\u062a\u0635\u0645\u064a\u0645 \u0645\u062a\u064a\u0646 \u0648\u0623\u0646\u064a\u0642\u060c \u0645\u0645\u0627 \u064a\u062c\u0639\u0644\u0647 \u0645\u062b\u0627\u0644\u064a\u064b\u0627 \u0644\u0644\u0627\u0633\u062a\u062e\u062f\u0627\u0645 \u0627\u0644\u064a\u0648\u0645\u064a. \u064a\u0642\u062f\u0645 \u0623\u062f\u0627\u0621 \u062c\u064a\u062f \u0644\u0644\u0645\u0647\u0627\u0645 \u0627\u0644\u0645\u0643\u062a\u0628\u064a\u0629 \u0648\u0627\u0644\u0623\u0639\u0645\u0627\u0644\u060c \u0628\u0627\u0644\u0625\u0636\u0627\u0641\u0629 \u0625\u0644\u0649 \u0642\u062f\u0631\u0629 \u062c\u064a\u062f\u0629 \u0641\u064a \u062a\u0634\u063a\u064a\u0644 \u0627\u0644\u062a\u0637\u0628\u064a\u0642\u0627\u062a \u0627\u0644\u0631\u0633\u0648\u0645\u064a\u0629.<br \/>\u0627\u0644\u0645\u0646\u0627\u0641\u0630 \u062a\u0634\u0645\u0644 USB 3.0 \u0648USB-C \u0648HDMI \u0648Ethernet \u0648\u0645\u0642\u0628\u0633 \u0633\u0645\u0627\u0639\u0629 \u0631\u0623\u0633. \u0647\u0630\u0627 \u0627\u0644\u062c\u0647\u0627\u0632 \u0645\u0646\u0627\u0633\u0628 \u0644\u0644\u0627\u0633\u062a\u062e\u062f\u0627\u0645 \u0641\u064a \u0627\u0644\u0623\u0639\u0645\u0627\u0644 \u0648\u0627\u0644\u0645\u0643\u0627\u062a\u0628\u060c \u0648\u0643\u0630\u0644\u0643 \u0644\u0644\u0637\u0644\u0627\u0628.<\/p>\n","protected":false},"excerpt":{"rendered":"<p>Dell Latitude E7450<br \/>\u062c\u0647\u0627\u0632 \u0645\u062d\u0645\u0648\u0644 \u0627\u062d\u062a\u0631\u0627\u0641\u064a \u0645\u0635\u0645\u0645 \u0644\u0644\u0623\u062f\u0627\u0621 \u0627\u0644\u0639\u0627\u0644\u064a. \u064a\u0623\u062a\u064a \u0645\u0639 \u0645\u0639\u0627\u0644\u062c Intel Core i7 \u0645\u0646 \u0627\u0644\u062c\u064a\u0644 \u0627\u0644\u062e\u0627\u0645\u0633\u060c \u0645\u0645\u0627 \u064a\u0648\u0641\u0631 \u0642\u0648\u0629 \u0645\u0639\u0627\u0644\u062c\u0629 \u0645\u0645\u062a\u0627\u0632\u0629. \u064a\u062d\u062a\u0648\u064a \u0639\u0644\u0649 8 \u062c\u064a\u062c\u0627\u0628\u0627\u064a\u062a RAM \u0648256 \u062c\u064a\u062c\u0627\u0628\u0627\u064a\u062a HDD\u060c \u0645\u0645\u0627 \u064a\u0636\u0645\u0646 \u0645\u0633\u0627\u062d\u0629 \u0643\u0627\u0641\u064a\u0629 \u0648\u0633\u0631\u0639\u0629 \u0641\u064a \u0623\u062f\u0627\u0621 \u0627\u0644\u0645\u0647\u0627\u0645. \u0627\u0644\u0634\u0627\u0634\u0629 \u0628\u062d\u062c\u0645 14 \u0625\u0646\u0634 \u062a\u0648\u0641\u0631 \u062c\u0648\u062f\u0629 \u0639\u0631\u0636 \u0631\u0627\u0626\u0639\u0629.<br \/>\u0643\u0631\u062a \u0627\u0644\u0634\u0627\u0634\u0629: NVIDIA 840 \u0628\u0630\u0627\u0643\u0631\u0629 2 \u062c\u064a\u062c\u0627\u0628\u0627\u064a\u062a DDR3\u060c \u0645\u0645\u0627 \u064a\u0639\u0632\u0632 \u0627\u0644\u0623\u062f\u0627\u0621 \u0627\u0644\u0631\u0633\u0648\u0645\u064a.<br \/>\u0627\u0644\u0645\u0646\u0627\u0641\u0630:<br \/>2 \u00d7 USB 3.0<br \/>1 \u00d7 USB-C<br \/>1 \u00d7 HDMI<br \/>1 \u00d7 RJ-45 (LAN)<br \/>1 \u00d7 \u0645\u062f\u062e\u0644 \u0633\u0645\u0627\u0639\u0627\u062a \u0648\u0645\u064a\u0643\u0631\u0648\u0641\u0648\u0646<br \/>\u0642\u0627\u0631\u0626 \u0628\u0637\u0627\u0642\u0627\u062a SD<br \/>\ufe0f \u0646\u0638\u0627\u0645 \u0627\u0644\u062a\u0634\u063a\u064a\u0644: Windows 10<br \/>\u062a\u0635\u0645\u064a\u0645\u0647 \u0627\u0644\u0645\u062a\u064a\u0646 \u0648\u0627\u0644\u0623\u0646\u064a\u0642 \u064a\u062c\u0639\u0644\u0647 \u062e\u064a\u0627\u0631\u064b\u0627 \u0645\u062b\u0627\u0644\u064a\u064b\u0627 \u0644\u0644\u0645\u062d\u062a\u0631\u0641\u064a\u0646 \u0627\u0644\u0630\u064a\u0646 \u064a\u062d\u062a\u0627\u062c\u0648\u0646 \u0625\u0644\u0649 \u062c\u0647\u0627\u0632 \u0645\u0648\u062b\u0648\u0642 \u0648\u0642\u0648\u064a \u0623\u062b\u0646\u0627\u0621 \u0627\u0644\u062a\u0646\u0642\u0644.      <\/p>\n","protected":false},"featured_media":19570,"comment_status":"closed","ping_status":"closed","template":"","meta":{"_monsterinsights_skip_tracking":false,"_monsterinsights_sitenote_active":false,"_monsterinsights_sitenote_note":"","_monsterinsights_sitenote_category":0},"product_brand":[],"product_cat":[113],"product_tag":[],"class_list":{"0":"post-18870","1":"product","2":"type-product","3":"status-publish","4":"has-post-thumbnail","6":"product_cat-113","8":"first","9":"outofstock","10":"shipping-taxable","11":"product-type-simple"},"yoast_head":"<!-- This site is optimized with the Yoast SEO Premium plugin v22.6 (Yoast SEO v24.5) - https:\/\/yoast.com\/wordpress\/plugins\/seo\/ -->\n<title>Dell latitude E7450 Core i7-5th\/RAM 8GB\/HDD 256 GB \/ graphics 2GB , 840 NVIDIA \/Win 10 - C-Tech<\/title>\n<meta name=\"robots\" content=\"index, follow, max-snippet:-1, max-image-preview:large, max-video-preview:-1\" \/>\n<link rel=\"canonical\" href=\"https:\/\/c-tech-eg.com\/ar\/product\/dell-latitude-e7450-core-i7-5th-ram-8gb-hdd-256-gb-840-nvidia-2g-ddr3-wid-10\/\" \/>\n<meta property=\"og:locale\" content=\"ar_AR\" \/>\n<meta property=\"og:type\" content=\"article\" \/>\n<meta property=\"og:title\" content=\"Dell latitude E7450 Core i7-5th\/RAM 8GB\/HDD 256 GB \/ graphics 2GB , 840 NVIDIA \/Win 10\" \/>\n<meta property=\"og:description\" content=\"Dell Latitude E7450\u062c\u0647\u0627\u0632 \u0645\u062d\u0645\u0648\u0644 \u0627\u062d\u062a\u0631\u0627\u0641\u064a \u0645\u0635\u0645\u0645 \u0644\u0644\u0623\u062f\u0627\u0621 \u0627\u0644\u0639\u0627\u0644\u064a. \u064a\u0623\u062a\u064a \u0645\u0639 \u0645\u0639\u0627\u0644\u062c Intel Core i7 \u0645\u0646 \u0627\u0644\u062c\u064a\u0644 \u0627\u0644\u062e\u0627\u0645\u0633\u060c \u0645\u0645\u0627 \u064a\u0648\u0641\u0631 \u0642\u0648\u0629 \u0645\u0639\u0627\u0644\u062c\u0629 \u0645\u0645\u062a\u0627\u0632\u0629. \u064a\u062d\u062a\u0648\u064a \u0639\u0644\u0649 8 \u062c\u064a\u062c\u0627\u0628\u0627\u064a\u062a RAM \u0648256 \u062c\u064a\u062c\u0627\u0628\u0627\u064a\u062a HDD\u060c \u0645\u0645\u0627 \u064a\u0636\u0645\u0646 \u0645\u0633\u0627\u062d\u0629 \u0643\u0627\u0641\u064a\u0629 \u0648\u0633\u0631\u0639\u0629 \u0641\u064a \u0623\u062f\u0627\u0621 \u0627\u0644\u0645\u0647\u0627\u0645. \u0627\u0644\u0634\u0627\u0634\u0629 \u0628\u062d\u062c\u0645 14 \u0625\u0646\u0634 \u062a\u0648\u0641\u0631 \u062c\u0648\u062f\u0629 \u0639\u0631\u0636 \u0631\u0627\u0626\u0639\u0629.\u0643\u0631\u062a \u0627\u0644\u0634\u0627\u0634\u0629: NVIDIA 840 \u0628\u0630\u0627\u0643\u0631\u0629 2 \u062c\u064a\u062c\u0627\u0628\u0627\u064a\u062a DDR3\u060c \u0645\u0645\u0627 \u064a\u0639\u0632\u0632 \u0627\u0644\u0623\u062f\u0627\u0621 \u0627\u0644\u0631\u0633\u0648\u0645\u064a.\u0627\u0644\u0645\u0646\u0627\u0641\u0630:2 \u00d7 USB 3.01 \u00d7 USB-C1 \u00d7 HDMI1 \u00d7 RJ-45 (LAN)1 \u00d7 \u0645\u062f\u062e\u0644 \u0633\u0645\u0627\u0639\u0627\u062a \u0648\u0645\u064a\u0643\u0631\u0648\u0641\u0648\u0646\u0642\u0627\u0631\u0626 \u0628\u0637\u0627\u0642\u0627\u062a SD\ufe0f \u0646\u0638\u0627\u0645 \u0627\u0644\u062a\u0634\u063a\u064a\u0644: Windows 10\u062a\u0635\u0645\u064a\u0645\u0647 \u0627\u0644\u0645\u062a\u064a\u0646 \u0648\u0627\u0644\u0623\u0646\u064a\u0642 \u064a\u062c\u0639\u0644\u0647 \u062e\u064a\u0627\u0631\u064b\u0627 \u0645\u062b\u0627\u0644\u064a\u064b\u0627 \u0644\u0644\u0645\u062d\u062a\u0631\u0641\u064a\u0646 \u0627\u0644\u0630\u064a\u0646 \u064a\u062d\u062a\u0627\u062c\u0648\u0646 \u0625\u0644\u0649 \u062c\u0647\u0627\u0632 \u0645\u0648\u062b\u0648\u0642 \u0648\u0642\u0648\u064a \u0623\u062b\u0646\u0627\u0621 \u0627\u0644\u062a\u0646\u0642\u0644.\" \/>\n<meta property=\"og:url\" content=\"https:\/\/c-tech-eg.com\/ar\/product\/dell-latitude-e7450-core-i7-5th-ram-8gb-hdd-256-gb-840-nvidia-2g-ddr3-wid-10\/\" \/>\n<meta property=\"og:site_name\" content=\"C-Tech\" \/>\n<meta property=\"article:modified_time\" content=\"2024-10-14T13:00:31+00:00\" \/>\n<meta property=\"og:image\" content=\"https:\/\/c-tech-eg.com\/wp-content\/uploads\/2024\/10\/FF.jpg\" \/>\n\t<meta property=\"og:image:width\" content=\"800\" \/>\n\t<meta property=\"og:image:height\" content=\"800\" \/>\n\t<meta property=\"og:image:type\" content=\"image\/jpeg\" \/>\n<meta name=\"twitter:card\" content=\"summary_large_image\" \/>\n<script type=\"application\/ld+json\" class=\"yoast-schema-graph\">{\"@context\":\"https:\/\/schema.org\",\"@graph\":[{\"@type\":\"WebPage\",\"@id\":\"https:\/\/c-tech-eg.com\/ar\/product\/dell-latitude-e7450-core-i7-5th-ram-8gb-hdd-256-gb-840-nvidia-2g-ddr3-wid-10\/\",\"url\":\"https:\/\/c-tech-eg.com\/ar\/product\/dell-latitude-e7450-core-i7-5th-ram-8gb-hdd-256-gb-840-nvidia-2g-ddr3-wid-10\/\",\"name\":\"Dell latitude E7450 Core i7-5th\/RAM 8GB\/HDD 256 GB \/ graphics 2GB , 840 NVIDIA \/Win 10 - C-Tech\",\"isPartOf\":{\"@id\":\"https:\/\/c-tech-eg.com\/ar\/#website\"},\"primaryImageOfPage\":{\"@id\":\"https:\/\/c-tech-eg.com\/ar\/product\/dell-latitude-e7450-core-i7-5th-ram-8gb-hdd-256-gb-840-nvidia-2g-ddr3-wid-10\/#primaryimage\"},\"image\":{\"@id\":\"https:\/\/c-tech-eg.com\/ar\/product\/dell-latitude-e7450-core-i7-5th-ram-8gb-hdd-256-gb-840-nvidia-2g-ddr3-wid-10\/#primaryimage\"},\"thumbnailUrl\":\"https:\/\/c-tech-eg.com\/wp-content\/uploads\/2024\/10\/FF.jpg\",\"datePublished\":\"2024-10-03T15:16:52+00:00\",\"dateModified\":\"2024-10-14T13:00:31+00:00\",\"breadcrumb\":{\"@id\":\"https:\/\/c-tech-eg.com\/ar\/product\/dell-latitude-e7450-core-i7-5th-ram-8gb-hdd-256-gb-840-nvidia-2g-ddr3-wid-10\/#breadcrumb\"},\"inLanguage\":\"ar\",\"potentialAction\":[{\"@type\":\"ReadAction\",\"target\":[\"https:\/\/c-tech-eg.com\/ar\/product\/dell-latitude-e7450-core-i7-5th-ram-8gb-hdd-256-gb-840-nvidia-2g-ddr3-wid-10\/\"]}]},{\"@type\":\"ImageObject\",\"inLanguage\":\"ar\",\"@id\":\"https:\/\/c-tech-eg.com\/ar\/product\/dell-latitude-e7450-core-i7-5th-ram-8gb-hdd-256-gb-840-nvidia-2g-ddr3-wid-10\/#primaryimage\",\"url\":\"https:\/\/c-tech-eg.com\/wp-content\/uploads\/2024\/10\/FF.jpg\",\"contentUrl\":\"https:\/\/c-tech-eg.com\/wp-content\/uploads\/2024\/10\/FF.jpg\",\"width\":800,\"height\":800},{\"@type\":\"BreadcrumbList\",\"@id\":\"https:\/\/c-tech-eg.com\/ar\/product\/dell-latitude-e7450-core-i7-5th-ram-8gb-hdd-256-gb-840-nvidia-2g-ddr3-wid-10\/#breadcrumb\",\"itemListElement\":[{\"@type\":\"ListItem\",\"position\":1,\"name\":\"Home\",\"item\":\"https:\/\/c-tech-eg.com\/ar\/\"},{\"@type\":\"ListItem\",\"position\":2,\"name\":\"\u0627\u0644\u0645\u062a\u062c\u0631\",\"item\":\"https:\/\/c-tech-eg.com\/ar\/%d8%a7%d9%84%d9%85%d8%aa%d8%ac%d8%b1\/\"},{\"@type\":\"ListItem\",\"position\":3,\"name\":\"Dell latitude E7450 Core i7-5th\/RAM 8GB\/HDD 256 GB \/ graphics 2GB , 840 NVIDIA \/Win 10\"}]},{\"@type\":\"WebSite\",\"@id\":\"https:\/\/c-tech-eg.com\/ar\/#website\",\"url\":\"https:\/\/c-tech-eg.com\/ar\/\",\"name\":\"C-Tech\",\"description\":\"\u0644\u062a\u062c\u0627\u0631\u0629 \u0648\u0627\u0633\u062a\u064a\u0631\u0627\u062f \u0648\u062a\u0635\u062f\u064a\u0631 \u0623\u062c\u0647\u0632\u0629 \u0627\u0644\u0643\u0645\u0628\u064a\u0648\u062a\u0631\",\"publisher\":{\"@id\":\"https:\/\/c-tech-eg.com\/ar\/#organization\"},\"potentialAction\":[{\"@type\":\"SearchAction\",\"target\":{\"@type\":\"EntryPoint\",\"urlTemplate\":\"https:\/\/c-tech-eg.com\/ar\/?s={search_term_string}\"},\"query-input\":{\"@type\":\"PropertyValueSpecification\",\"valueRequired\":true,\"valueName\":\"search_term_string\"}}],\"inLanguage\":\"ar\"},{\"@type\":\"Organization\",\"@id\":\"https:\/\/c-tech-eg.com\/ar\/#organization\",\"name\":\"C-Tech\",\"url\":\"https:\/\/c-tech-eg.com\/ar\/\",\"logo\":{\"@type\":\"ImageObject\",\"inLanguage\":\"ar\",\"@id\":\"https:\/\/c-tech-eg.com\/ar\/#\/schema\/logo\/image\/\",\"url\":\"https:\/\/c-tech-eg.com\/wp-content\/uploads\/2024\/05\/ctech-logo.webp\",\"contentUrl\":\"https:\/\/c-tech-eg.com\/wp-content\/uploads\/2024\/05\/ctech-logo.webp\",\"width\":200,\"height\":142,\"caption\":\"C-Tech\"},\"image\":{\"@id\":\"https:\/\/c-tech-eg.com\/ar\/#\/schema\/logo\/image\/\"}}]}<\/script>\n<!-- \/ Yoast SEO Premium plugin. -->","yoast_head_json":{"title":"Dell latitude E7450 Core i7-5th\/RAM 8GB\/HDD 256 GB \/ graphics 2GB , 840 NVIDIA \/Win 10 - C-Tech","robots":{"index":"index","follow":"follow","max-snippet":"max-snippet:-1","max-image-preview":"max-image-preview:large","max-video-preview":"max-video-preview:-1"},"canonical":"https:\/\/c-tech-eg.com\/ar\/product\/dell-latitude-e7450-core-i7-5th-ram-8gb-hdd-256-gb-840-nvidia-2g-ddr3-wid-10\/","og_locale":"ar_AR","og_type":"article","og_title":"Dell latitude E7450 Core i7-5th\/RAM 8GB\/HDD 256 GB \/ graphics 2GB , 840 NVIDIA \/Win 10","og_description":"Dell Latitude E7450\u062c\u0647\u0627\u0632 \u0645\u062d\u0645\u0648\u0644 \u0627\u062d\u062a\u0631\u0627\u0641\u064a \u0645\u0635\u0645\u0645 \u0644\u0644\u0623\u062f\u0627\u0621 \u0627\u0644\u0639\u0627\u0644\u064a. \u064a\u0623\u062a\u064a \u0645\u0639 \u0645\u0639\u0627\u0644\u062c Intel Core i7 \u0645\u0646 \u0627\u0644\u062c\u064a\u0644 \u0627\u0644\u062e\u0627\u0645\u0633\u060c \u0645\u0645\u0627 \u064a\u0648\u0641\u0631 \u0642\u0648\u0629 \u0645\u0639\u0627\u0644\u062c\u0629 \u0645\u0645\u062a\u0627\u0632\u0629. \u064a\u062d\u062a\u0648\u064a \u0639\u0644\u0649 8 \u062c\u064a\u062c\u0627\u0628\u0627\u064a\u062a RAM \u0648256 \u062c\u064a\u062c\u0627\u0628\u0627\u064a\u062a HDD\u060c \u0645\u0645\u0627 \u064a\u0636\u0645\u0646 \u0645\u0633\u0627\u062d\u0629 \u0643\u0627\u0641\u064a\u0629 \u0648\u0633\u0631\u0639\u0629 \u0641\u064a \u0623\u062f\u0627\u0621 \u0627\u0644\u0645\u0647\u0627\u0645. \u0627\u0644\u0634\u0627\u0634\u0629 \u0628\u062d\u062c\u0645 14 \u0625\u0646\u0634 \u062a\u0648\u0641\u0631 \u062c\u0648\u062f\u0629 \u0639\u0631\u0636 \u0631\u0627\u0626\u0639\u0629.\u0643\u0631\u062a \u0627\u0644\u0634\u0627\u0634\u0629: NVIDIA 840 \u0628\u0630\u0627\u0643\u0631\u0629 2 \u062c\u064a\u062c\u0627\u0628\u0627\u064a\u062a DDR3\u060c \u0645\u0645\u0627 \u064a\u0639\u0632\u0632 \u0627\u0644\u0623\u062f\u0627\u0621 \u0627\u0644\u0631\u0633\u0648\u0645\u064a.\u0627\u0644\u0645\u0646\u0627\u0641\u0630:2 \u00d7 USB 3.01 \u00d7 USB-C1 \u00d7 HDMI1 \u00d7 RJ-45 (LAN)1 \u00d7 \u0645\u062f\u062e\u0644 \u0633\u0645\u0627\u0639\u0627\u062a \u0648\u0645\u064a\u0643\u0631\u0648\u0641\u0648\u0646\u0642\u0627\u0631\u0626 \u0628\u0637\u0627\u0642\u0627\u062a SD\ufe0f \u0646\u0638\u0627\u0645 \u0627\u0644\u062a\u0634\u063a\u064a\u0644: Windows 10\u062a\u0635\u0645\u064a\u0645\u0647 \u0627\u0644\u0645\u062a\u064a\u0646 \u0648\u0627\u0644\u0623\u0646\u064a\u0642 \u064a\u062c\u0639\u0644\u0647 \u062e\u064a\u0627\u0631\u064b\u0627 \u0645\u062b\u0627\u0644\u064a\u064b\u0627 \u0644\u0644\u0645\u062d\u062a\u0631\u0641\u064a\u0646 \u0627\u0644\u0630\u064a\u0646 \u064a\u062d\u062a\u0627\u062c\u0648\u0646 \u0625\u0644\u0649 \u062c\u0647\u0627\u0632 \u0645\u0648\u062b\u0648\u0642 \u0648\u0642\u0648\u064a \u0623\u062b\u0646\u0627\u0621 \u0627\u0644\u062a\u0646\u0642\u0644.","og_url":"https:\/\/c-tech-eg.com\/ar\/product\/dell-latitude-e7450-core-i7-5th-ram-8gb-hdd-256-gb-840-nvidia-2g-ddr3-wid-10\/","og_site_name":"C-Tech","article_modified_time":"2024-10-14T13:00:31+00:00","og_image":[{"width":800,"height":800,"url":"https:\/\/c-tech-eg.com\/wp-content\/uploads\/2024\/10\/FF.jpg","type":"image\/jpeg"}],"twitter_card":"summary_large_image","schema":{"@context":"https:\/\/schema.org","@graph":[{"@type":"WebPage","@id":"https:\/\/c-tech-eg.com\/ar\/product\/dell-latitude-e7450-core-i7-5th-ram-8gb-hdd-256-gb-840-nvidia-2g-ddr3-wid-10\/","url":"https:\/\/c-tech-eg.com\/ar\/product\/dell-latitude-e7450-core-i7-5th-ram-8gb-hdd-256-gb-840-nvidia-2g-ddr3-wid-10\/","name":"Dell latitude E7450 Core i7-5th\/RAM 8GB\/HDD 256 GB \/ graphics 2GB , 840 NVIDIA \/Win 10 - C-Tech","isPartOf":{"@id":"https:\/\/c-tech-eg.com\/ar\/#website"},"primaryImageOfPage":{"@id":"https:\/\/c-tech-eg.com\/ar\/product\/dell-latitude-e7450-core-i7-5th-ram-8gb-hdd-256-gb-840-nvidia-2g-ddr3-wid-10\/#primaryimage"},"image":{"@id":"https:\/\/c-tech-eg.com\/ar\/product\/dell-latitude-e7450-core-i7-5th-ram-8gb-hdd-256-gb-840-nvidia-2g-ddr3-wid-10\/#primaryimage"},"thumbnailUrl":"https:\/\/c-tech-eg.com\/wp-content\/uploads\/2024\/10\/FF.jpg","datePublished":"2024-10-03T15:16:52+00:00","dateModified":"2024-10-14T13:00:31+00:00","breadcrumb":{"@id":"https:\/\/c-tech-eg.com\/ar\/product\/dell-latitude-e7450-core-i7-5th-ram-8gb-hdd-256-gb-840-nvidia-2g-ddr3-wid-10\/#breadcrumb"},"inLanguage":"ar","potentialAction":[{"@type":"ReadAction","target":["https:\/\/c-tech-eg.com\/ar\/product\/dell-latitude-e7450-core-i7-5th-ram-8gb-hdd-256-gb-840-nvidia-2g-ddr3-wid-10\/"]}]},{"@type":"ImageObject","inLanguage":"ar","@id":"https:\/\/c-tech-eg.com\/ar\/product\/dell-latitude-e7450-core-i7-5th-ram-8gb-hdd-256-gb-840-nvidia-2g-ddr3-wid-10\/#primaryimage","url":"https:\/\/c-tech-eg.com\/wp-content\/uploads\/2024\/10\/FF.jpg","contentUrl":"https:\/\/c-tech-eg.com\/wp-content\/uploads\/2024\/10\/FF.jpg","width":800,"height":800},{"@type":"BreadcrumbList","@id":"https:\/\/c-tech-eg.com\/ar\/product\/dell-latitude-e7450-core-i7-5th-ram-8gb-hdd-256-gb-840-nvidia-2g-ddr3-wid-10\/#breadcrumb","itemListElement":[{"@type":"ListItem","position":1,"name":"Home","item":"https:\/\/c-tech-eg.com\/ar\/"},{"@type":"ListItem","position":2,"name":"\u0627\u0644\u0645\u062a\u062c\u0631","item":"https:\/\/c-tech-eg.com\/ar\/%d8%a7%d9%84%d9%85%d8%aa%d8%ac%d8%b1\/"},{"@type":"ListItem","position":3,"name":"Dell latitude E7450 Core i7-5th\/RAM 8GB\/HDD 256 GB \/ graphics 2GB , 840 NVIDIA \/Win 10"}]},{"@type":"WebSite","@id":"https:\/\/c-tech-eg.com\/ar\/#website","url":"https:\/\/c-tech-eg.com\/ar\/","name":"C-Tech","description":"\u0644\u062a\u062c\u0627\u0631\u0629 \u0648\u0627\u0633\u062a\u064a\u0631\u0627\u062f \u0648\u062a\u0635\u062f\u064a\u0631 \u0623\u062c\u0647\u0632\u0629 \u0627\u0644\u0643\u0645\u0628\u064a\u0648\u062a\u0631","publisher":{"@id":"https:\/\/c-tech-eg.com\/ar\/#organization"},"potentialAction":[{"@type":"SearchAction","target":{"@type":"EntryPoint","urlTemplate":"https:\/\/c-tech-eg.com\/ar\/?s={search_term_string}"},"query-input":{"@type":"PropertyValueSpecification","valueRequired":true,"valueName":"search_term_string"}}],"inLanguage":"ar"},{"@type":"Organization","@id":"https:\/\/c-tech-eg.com\/ar\/#organization","name":"C-Tech","url":"https:\/\/c-tech-eg.com\/ar\/","logo":{"@type":"ImageObject","inLanguage":"ar","@id":"https:\/\/c-tech-eg.com\/ar\/#\/schema\/logo\/image\/","url":"https:\/\/c-tech-eg.com\/wp-content\/uploads\/2024\/05\/ctech-logo.webp","contentUrl":"https:\/\/c-tech-eg.com\/wp-content\/uploads\/2024\/05\/ctech-logo.webp","width":200,"height":142,"caption":"C-Tech"},"image":{"@id":"https:\/\/c-tech-eg.com\/ar\/#\/schema\/logo\/image\/"}}]}},"_links":{"self":[{"href":"https:\/\/c-tech-eg.com\/ar\/wp-json\/wp\/v2\/product\/18870","targetHints":{"allow":["GET"]}}],"collection":[{"href":"https:\/\/c-tech-eg.com\/ar\/wp-json\/wp\/v2\/product"}],"about":[{"href":"https:\/\/c-tech-eg.com\/ar\/wp-json\/wp\/v2\/types\/product"}],"replies":[{"embeddable":true,"href":"https:\/\/c-tech-eg.com\/ar\/wp-json\/wp\/v2\/comments?post=18870"}],"version-history":[{"count":0,"href":"https:\/\/c-tech-eg.com\/ar\/wp-json\/wp\/v2\/product\/18870\/revisions"}],"wp:featuredmedia":[{"embeddable":true,"href":"https:\/\/c-tech-eg.com\/ar\/wp-json\/wp\/v2\/media\/19570"}],"wp:attachment":[{"href":"https:\/\/c-tech-eg.com\/ar\/wp-json\/wp\/v2\/media?parent=18870"}],"wp:term":[{"taxonomy":"product_brand","embeddable":true,"href":"https:\/\/c-tech-eg.com\/ar\/wp-json\/wp\/v2\/product_brand?post=18870"},{"taxonomy":"product_cat","embeddable":true,"href":"https:\/\/c-tech-eg.com\/ar\/wp-json\/wp\/v2\/product_cat?post=18870"},{"taxonomy":"product_tag","embeddable":true,"href":"https:\/\/c-tech-eg.com\/ar\/wp-json\/wp\/v2\/product_tag?post=18870"}],"curies":[{"name":"wp","href":"https:\/\/api.w.org\/{rel}","templated":true}]}}