{"id":16956,"date":"2024-05-20T09:51:33","date_gmt":"2024-05-20T09:51:33","guid":{"rendered":"https:\/\/c-tech-eg.com\/product\/hp-probook-tower-600-g1-intel-core-i5-%d8%a7%d9%84%d8%ac%d9%8a%d9%84-%d8%a7%d9%84%d8%b1%d8%a7%d8%a8%d8%b9\/"},"modified":"2024-06-13T11:34:41","modified_gmt":"2024-06-13T11:34:41","slug":"hp-probook-tower-600-g1-intel-core-i5-%d8%a7%d9%84%d8%ac%d9%8a%d9%84-%d8%a7%d9%84%d8%b1%d8%a7%d8%a8%d8%b9","status":"publish","type":"product","link":"https:\/\/c-tech-eg.com\/ar\/product\/hp-probook-tower-600-g1-intel-core-i5-%d8%a7%d9%84%d8%ac%d9%8a%d9%84-%d8%a7%d9%84%d8%b1%d8%a7%d8%a8%d8%b9\/","title":{"rendered":"\u062c\u0647\u0627\u0632 \u0627\u062a\u0634 \u0628\u064a \u0628\u0631\u0648 \u0628\u0648\u0643 \u062a\u0627\u0648\u0631 600 \u062c\u064a 1\/ \u0627\u0646\u062a\u0644 \u0643\u0648\u0631 i5-4670\/ \u0627\u0644\u062c\u064a\u0644 \u0627\u0644\u0631\u0627\u0628\u0639\/ \u0631\u0627\u0645 4 \u062c\u064a\u062c\u0627\/ \u0630\u0627\u0643\u0631\u0629 500 \u062c\u064a\u062c\u0627 HDD"},"content":{"rendered":"<table width=\"1258\">\n<tbody>\n<tr>\n<td width=\"1258\">\u064a\u062a\u064a\u062d \u0644\u0643 \u0628\u0631\u062c HP probook 600 G1 Intel Core i5 \u0627\u0644\u062c\u064a\u0644 \u0627\u0644\u0631\u0627\u0628\u0639 3.2 \u062c\u064a\u062c\u0627 \u0647\u0631\u062a\u0632 \u0648\u0630\u0627\u0643\u0631\u0629 \u0648\u0635\u0648\u0644 \u0639\u0634\u0648\u0627\u0626\u064a 4 \u062c\u064a\u062c\u0627 \u0628\u0627\u064a\u062a \u0648\u0645\u062d\u0631\u0643 \u0623\u0642\u0631\u0627\u0635 \u062b\u0627\u0628\u062a\u0629 \u0633\u0639\u0629 500 \u062c\u064a\u062c\u0627 \u0628\u0627\u064a\u062a Windows 10 Pro tower \u062a\u062c\u0631\u0628\u0629 \u0625\u0646\u062a\u0627\u062c\u064a\u0629 \u0645\u0646 \u0627\u0644\u062f\u0631\u062c\u0629 \u0627\u0644\u0623\u0648\u0644\u0649 \u0628\u0627\u0644\u0625\u0636\u0627\u0641\u0629 \u0625\u0644\u0649 \u0627\u0644\u0645\u0648\u062b\u0648\u0642\u064a\u0629 \u0648\u0627\u0644\u0623\u0645\u0627\u0646 \u0648\u0633\u0647\u0648\u0644\u0629 \u0627\u0644\u0625\u062f\u0627\u0631\u0629 \u0627\u0644\u0631\u0627\u0626\u062f\u0629 \u0641\u064a \u0627\u0644\u0635\u0646\u0627\u0639\u0629\u060c \u0628\u0627\u0644\u0625\u0636\u0627\u0641\u0629 \u0625\u0644\u0649 \u0645\u062c\u0645\u0648\u0639\u0629 \u0641\u0631\u064a\u062f\u0629 \u0645\u0646 \u0627\u0644\u062d\u0644\u0648\u0644 \u0641\u064a \u0645\u0633\u0627\u062d\u0629 \u0635\u063a\u064a\u0631\u0629 \u0627\u0644\u062d\u062c\u0645 &#8211; \u062a\u0635\u0645\u064a\u0645 \u0645\u0648\u0641\u0631.<\/td>\n<\/tr>\n<tr>\n<td>\u062a\u063a\u0644\u0628 \u0639\u0644\u0649 \u0627\u0644\u062a\u062d\u062f\u064a\u0627\u062a \u0627\u0644\u0623\u0643\u062b\u0631 \u062a\u0637\u0644\u0628\u064b\u0627 \u0644\u062f\u064a\u0643 \u0645\u0646 \u062e\u0644\u0627\u0644 \u0627\u0644\u0623\u062f\u0627\u0621 \u0627\u0644\u0641\u0627\u0626\u0642 \u0644\u0645\u0639\u0627\u0644\u062c\u0627\u062a Intel\u00ae Core\u2122 \u0645\u0646 \u0627\u0644\u062c\u064a\u0644 \u0627\u0644\u0631\u0627\u0628\u0639 \u0648\u0631\u0633\u0648\u0645\u0627\u062a Intel\u00ae HD Graphics \u0648\u0631\u0633\u0648\u0645\u0627\u062a \u0645\u0646\u0641\u0635\u0644\u0629 \u0627\u062e\u062a\u064a\u0627\u0631\u064a\u0629 \u0645\u062a\u0637\u0648\u0631\u0629 \u0648\u0645\u062d\u0631\u0643 HP Turbo Drive.<\/td>\n<\/tr>\n<tr>\n<td>\u0627\u0644\u0645\u0648\u0627\u0635\u0641\u0627\u062a \u0627\u0644\u0641\u0646\u064a\u0629<\/td>\n<\/tr>\n<tr>\n<td>\u0627\u0644\u0645\u0648\u0627\u0635\u0641\u0627\u062a \u0627\u0644\u0641\u0646\u064a\u0629\u0646\u0638\u0627\u0645 \u0627\u0644\u062a\u0634\u063a\u064a\u0644: \u0648\u064a\u0646\u062f\u0648\u0632 10 \u0628\u0631\u0648 \u0625\u0635\u062f\u0627\u0631 64 \u0628\u062a<\/td>\n<\/tr>\n<tr>\n<td>\u0627\u0644\u0630\u0627\u0643\u0631\u0629: 4 \u062c\u064a\u062c\u0627\u0628\u0627\u064a\u062a (1 \u00d7 4 \u062c\u064a\u062c\u0627\u0628\u0627\u064a\u062a) DDR3 SDRAM\u060c 1600 \u0645\u064a\u062c\u0627\u0647\u0631\u062a\u0632<\/td>\n<\/tr>\n<tr>\n<td>\u0627\u0644\u062a\u062e\u0632\u064a\u0646: 500 \u062c\u064a\u062c\u0627 \u0628\u0627\u064a\u062a HDD\u060c 7200 \u062f\u0648\u0631\u0629 \u0641\u064a \u0627\u0644\u062f\u0642\u064a\u0642\u0629 SATA<\/td>\n<\/tr>\n<tr>\n<td>\u0645\u062d\u0631\u0643 \u0627\u0644\u0623\u0642\u0631\u0627\u0635 \u0627\u0644\u0636\u0648\u0626\u064a\u0629: DVD Super Multi<\/td>\n<\/tr>\n<tr>\n<td>\u0645\u0639\u0627\u0644\u062c \u0627\u0644\u0631\u0633\u0648\u0645\u0627\u062a: Intel\u00ae HD Graphics<\/td>\n<\/tr>\n<tr>\n<td>\u0627\u0644\u0645\u0639\u0627\u0644\u062c: Intel\u00ae Core\u2122 i5-4570 (3.2 \u062c\u064a\u062c\u0627 \u0647\u0631\u062a\u0632\u060c \u062d\u062a\u0649 3.6 \u062c\u064a\u062c\u0627 \u0647\u0631\u062a\u0632 \u0645\u0639 Intel Turbo Boost 2.0\u060c \u0630\u0627\u0643\u0631\u0629 \u062a\u062e\u0632\u064a\u0646 \u0645\u0624\u0642\u062a 6 \u0645\u064a\u062c\u0627\u0628\u0627\u064a\u062a\u060c 4 \u0645\u0631\u0627\u0643\u0632)<\/td>\n<\/tr>\n<tr>\n<td>\u0639\u0627\u0626\u0644\u0629 \u0627\u0644\u0645\u0639\u0627\u0644\u062c: \u0645\u0639\u0627\u0644\u062c Intel\u00ae Core\u2122 i5 \u0645\u0646 \u0627\u0644\u062c\u064a\u0644 \u0627\u0644\u0631\u0627\u0628\u0639<\/td>\n<\/tr>\n<tr>\n<td>\u0627\u0644\u0645\u0646\u0627\u0641\u0630: \u0623\u0645\u0627\u0645\u064a\u0629: 2 \u00d7 USB 3.0 | 2 \u00d7 \u064a\u0648 \u0627\u0633 \u0628\u064a 2.0 | 1 \u00d7 \u0645\u0648\u0635\u0644 \u0633\u0645\u0627\u0639\u0629 \u0627\u0644\u0631\u0623\u0633 | 1 \u00d7 \u0633\u0645\u0627\u0639\u0629 \u0631\u0623\u0633\/\u0645\u064a\u0643\u0631\u0648\u0641\u0648\u0646<\/td>\n<\/tr>\n<tr>\n<td>\u0627\u0644\u0639\u0648\u062f\u0629: 4 \u00d7 USB 2.0 | 2 \u00d7 \u064a\u0648 \u0627\u0633 \u0628\u064a 3.0 | 1 \u00d7 \u0645\u0633\u0644\u0633\u0644 | 1 \u00d7 \u062a\u0633\u0644\u0633\u0644\u064a (\u0627\u062e\u062a\u064a\u0627\u0631\u064a) | 1 \u00d7 \u0645\u062a\u0648\u0627\u0632\u064a (\u0627\u062e\u062a\u064a\u0627\u0631\u064a) | 2 \u00d7 PS\/2 (\u0644\u0648\u062d\u0629 \u0627\u0644\u0645\u0641\u0627\u062a\u064a\u062d \u0648\u0627\u0644\u0645\u0627\u0648\u0633) | 1 \u00d7 \u0641\u064a \u062c\u064a \u0627\u064a\u0647 | 2 \u00d7 DisplayPort \u0645\u0639 \u062a\u062f\u0641\u0642 \u0645\u062a\u0639\u062f\u062f 4 | 1 \u00d7 \u062e\u0637 \u0635\u0648\u062a \u0641\u064a | 1 \u00d7 \u0645\u062e\u0631\u062c \u062e\u0637 \u0635\u0648\u062a | 1 \u00d7 RJ-45 \u0625\u064a\u062b\u0631\u0646\u062a<\/td>\n<\/tr>\n<tr>\n<td>\u0641\u062a\u062d\u0627\u062a \u0627\u0644\u062a\u0648\u0633\u0639\u0629: 2 \u00d7 PCI Express x1 (v2.0) | 1 \u00d7 PCI Express \u00d7 16 (\u0627\u0644\u0625\u0635\u062f\u0627\u0631 2.0 &#8211; \u0633\u0644\u0643\u064a \u0645\u062b\u0644 x4) | 1 \u00d7 PCI Express x16 (\u0627\u0644\u0625\u0635\u062f\u0627\u0631 3.0 |( 1 \u00d7 PCI \u0627\u062e\u062a\u064a\u0627\u0631\u064a (\u0627\u0644\u0625\u0635\u062f\u0627\u0631 2.3)<\/td>\n<\/tr>\n<tr>\n<td>\u0627\u0644\u0635\u0648\u062a: \u062a\u0642\u0646\u064a\u0629 \u0625\u062f\u0627\u0631\u0629 \u0627\u0644\u0635\u0648\u062a DTS Studio Sound\u2122\u060c \u0648\u0635\u0648\u062a \u0639\u0627\u0644\u064a \u0627\u0644\u062f\u0642\u0629 \u0645\u0639 \u0628\u0631\u0646\u0627\u0645\u062c \u062a\u0631\u0645\u064a\u0632 Realtek ALC221\u060c \u0648\u0645\u0646\u0627\u0641\u0630 \u0623\u0645\u0627\u0645\u064a\u0629 \u0644\u0644\u0645\u064a\u0643\u0631\u0648\u0641\u0648\u0646 \u0648\u0633\u0645\u0627\u0639\u0627\u062a \u0627\u0644\u0631\u0623\u0633 (3.5 \u0645\u0645)\u060c \u0648\u0645\u0646\u0627\u0641\u0630 \u062e\u0631\u062c \u0627\u0644\u062e\u0637 \u0648\u062e\u0637 \u0627\u0644\u0625\u062f\u062e\u0627\u0644 \u0627\u0644\u062e\u0644\u0641\u064a (3.5 \u0645\u0645)\u060c \u0648\u0625\u0645\u0643\u0627\u0646\u064a\u0629 \u0627\u0644\u0628\u062b \u0627\u0644\u0645\u062a\u0639\u062f\u062f\u060c \u0648\u0645\u0643\u0628\u0631 \u0635\u0648\u062a \u062f\u0627\u062e\u0644\u064a (\u0642\u064a\u0627\u0633\u064a) )<\/td>\n<\/tr>\n<tr>\n<td>\u0644\u0627\u0633\u0644\u0643\u064a: (\u0648\u0627\u064a \u0641\u0627\u064a) \u0644\u0627 \u064a\u0648\u062c\u062f | \u0628\u0644\u0648\u062a\u0648\u062b: \u0644\u0627 \u064a\u0648\u062c\u062f<\/td>\n<\/tr>\n<tr>\n<td>\u0627\u0644\u0628\u0631\u0648\u062a\u0648\u0643\u0648\u0644 \u0627\u0644\u0633\u0644\u0643\u064a: 10\/100\/1000 \u0645\u064a\u062c\u0627\u0628\u062a \u0641\u064a \u0627\u0644\u062b\u0627\u0646\u064a\u0629\u060c \u062c\u064a\u062c\u0627\u0628\u062a \u0625\u064a\u062b\u0631\u0646\u062a<\/td>\n<\/tr>\n<tr>\n<td>\u0627\u0644\u062a\u0635\u0645\u064a\u0645: \u0639\u0627\u0645\u0644 \u0627\u0644\u0634\u0643\u0644: \u0628\u0631\u062c<\/td>\n<\/tr>\n<tr>\n<td>\u0644\u0648\u0646 \u0627\u0644\u0645\u0646\u062a\u062c: \u0623\u0633\u0648\u062f<\/td>\n<\/tr>\n<\/tbody>\n<\/table>\n","protected":false},"excerpt":{"rendered":"<table style=\"border-collapse: collapse; width: 100%;\">\n<tbody>\n<tr>\n<td style=\"width: 15.7196%;\" width=\"136\">\u0627\u0644\u0645\u0639\u0627\u0644\u062c<\/td>\n<td style=\"width: 84.2066%;\" width=\"740\">\u0648\u062d\u062f\u0629 \u0627\u0644\u0645\u0639\u0627\u0644\u062c\u0629 \u0627\u0644\u0645\u0631\u0643\u0632\u064a\u0629 Intel(R) Core(TM) i5-4670 @ 3.40 \u062c\u064a\u062c\u0627 \u0647\u0631\u062a\u0632\/\u0627\u0644\u062c\u064a\u0644 \u0627\u0644\u0631\u0627\u0628\u0639<\/td>\n<\/tr>\n<tr>\n<td style=\"width: 15.7196%;\">\u0645\u0639\u0627\u0644\u062c \u0627\u0644\u0631\u0633\u0648\u0645\u0627\u062a<\/td>\n<td style=\"width: 84.2066%;\"> \u0625\u0646\u062a\u0644\u00ae HD \u0627\u0644\u0631\u0633\u0648\u0645\u0627\u062a<\/td>\n<\/tr>\n<tr>\n<td style=\"width: 15.7196%;\">\u0630\u0627\u0643\u0631\u0629<\/td>\n<td style=\"width: 84.2066%;\">4 \u062c\u064a\u062c\u0627\u0628\u0627\u064a\u062a \u062f\u064a \u062f\u064a \u0622\u0631 3<\/td>\n<\/tr>\n<tr>\n<td style=\"width: 15.7196%;\">\u062a\u062e\u0632\u064a\u0646<\/td>\n<td style=\"width: 84.2066%;\">\u0645\u062d\u0631\u0643 \u0623\u0642\u0631\u0627\u0635 \u062b\u0627\u0628\u062a\u0629 SATA \u0628\u0633\u0639\u0629 500 \u062c\u064a\u062c\u0627\u0628\u0627\u064a\u062a \u0648\u0633\u0631\u0639\u0629 7200 \u062f\u0648\u0631\u0629 \u0641\u064a \u0627\u0644\u062f\u0642\u064a\u0642\u0629<\/td>\n<\/tr>\n<tr>\n<td style=\"width: 15.7196%;\">\u0645\u062d\u0631\u0643 \u0627\u0644\u0623\u0642\u0631\u0627\u0635 \u0627\u0644\u0636\u0648\u0626\u064a\u0629<\/td>\n<td style=\"width: 84.2066%;\"> \u062f\u064a \u0641\u064a \u062f\u064a \u0633\u0648\u0628\u0631 \u0645\u062a\u0639\u062f\u062f<\/td>\n<\/tr>\n<tr>\n<td style=\"width: 15.7196%;\">\u064a\u0643\u062a\u0628<\/td>\n<td style=\"width: 84.2066%;\">\u0628\u0631\u062c<\/td>\n<\/tr>\n<\/tbody>\n<\/table>\n","protected":false},"featured_media":16709,"comment_status":"closed","ping_status":"closed","template":"","meta":{"_monsterinsights_skip_tracking":false,"_monsterinsights_sitenote_active":false,"_monsterinsights_sitenote_note":"","_monsterinsights_sitenote_category":0},"product_brand":[],"product_cat":[116],"product_tag":[],"class_list":{"0":"post-16956","1":"product","2":"type-product","3":"status-publish","4":"has-post-thumbnail","6":"product_cat-116","8":"first","9":"outofstock","10":"shipping-taxable","11":"product-type-simple"},"yoast_head":"<!-- This site is optimized with the Yoast SEO Premium plugin v22.6 (Yoast SEO v24.5) - https:\/\/yoast.com\/wordpress\/plugins\/seo\/ -->\n<title>\u062c\u0647\u0627\u0632 \u0627\u062a\u0634 \u0628\u064a \u0628\u0631\u0648 \u0628\u0648\u0643 \u062a\u0627\u0648\u0631 600 \u062c\u064a 1\/ \u0627\u0646\u062a\u0644 \u0643\u0648\u0631 i5-4670\/ \u0627\u0644\u062c\u064a\u0644 \u0627\u0644\u0631\u0627\u0628\u0639\/ \u0631\u0627\u0645 4 \u062c\u064a\u062c\u0627\/ \u0630\u0627\u0643\u0631\u0629 500 \u062c\u064a\u062c\u0627 HDD - C-Tech<\/title>\n<meta name=\"robots\" content=\"index, follow, max-snippet:-1, max-image-preview:large, max-video-preview:-1\" \/>\n<link rel=\"canonical\" href=\"https:\/\/c-tech-eg.com\/ar\/product\/hp-probook-tower-600-g1-intel-core-i5-%d8%a7%d9%84%d8%ac%d9%8a%d9%84-%d8%a7%d9%84%d8%b1%d8%a7%d8%a8%d8%b9\/\" \/>\n<meta property=\"og:locale\" content=\"ar_AR\" \/>\n<meta property=\"og:type\" content=\"article\" \/>\n<meta property=\"og:title\" content=\"\u062c\u0647\u0627\u0632 \u0627\u062a\u0634 \u0628\u064a \u0628\u0631\u0648 \u0628\u0648\u0643 \u062a\u0627\u0648\u0631 600 \u062c\u064a 1\/ \u0627\u0646\u062a\u0644 \u0643\u0648\u0631 i5-4670\/ \u0627\u0644\u062c\u064a\u0644 \u0627\u0644\u0631\u0627\u0628\u0639\/ \u0631\u0627\u0645 4 \u062c\u064a\u062c\u0627\/ \u0630\u0627\u0643\u0631\u0629 500 \u062c\u064a\u062c\u0627 HDD\" \/>\n<meta property=\"og:description\" content=\"\u0627\u0644\u0645\u0639\u0627\u0644\u062c \u0648\u062d\u062f\u0629 \u0627\u0644\u0645\u0639\u0627\u0644\u062c\u0629 \u0627\u0644\u0645\u0631\u0643\u0632\u064a\u0629 Intel(R) Core(TM) i5-4670 @ 3.40 \u062c\u064a\u062c\u0627 \u0647\u0631\u062a\u0632\/\u0627\u0644\u062c\u064a\u0644 \u0627\u0644\u0631\u0627\u0628\u0639  \u0645\u0639\u0627\u0644\u062c \u0627\u0644\u0631\u0633\u0648\u0645\u0627\u062a \u0625\u0646\u062a\u0644\u00ae HD \u0627\u0644\u0631\u0633\u0648\u0645\u0627\u062a  \u0630\u0627\u0643\u0631\u0629 4 \u062c\u064a\u062c\u0627\u0628\u0627\u064a\u062a \u062f\u064a \u062f\u064a \u0622\u0631 3  \u062a\u062e\u0632\u064a\u0646 \u0645\u062d\u0631\u0643 \u0623\u0642\u0631\u0627\u0635 \u062b\u0627\u0628\u062a\u0629 SATA \u0628\u0633\u0639\u0629 500 \u062c\u064a\u062c\u0627\u0628\u0627\u064a\u062a \u0648\u0633\u0631\u0639\u0629 7200 \u062f\u0648\u0631\u0629 \u0641\u064a \u0627\u0644\u062f\u0642\u064a\u0642\u0629  \u0645\u062d\u0631\u0643 \u0627\u0644\u0623\u0642\u0631\u0627\u0635 \u0627\u0644\u0636\u0648\u0626\u064a\u0629 \u062f\u064a \u0641\u064a \u062f\u064a \u0633\u0648\u0628\u0631 \u0645\u062a\u0639\u062f\u062f  \u064a\u0643\u062a\u0628 \u0628\u0631\u062c\" \/>\n<meta property=\"og:url\" content=\"https:\/\/c-tech-eg.com\/ar\/product\/hp-probook-tower-600-g1-intel-core-i5-%d8%a7%d9%84%d8%ac%d9%8a%d9%84-%d8%a7%d9%84%d8%b1%d8%a7%d8%a8%d8%b9\/\" \/>\n<meta property=\"og:site_name\" content=\"C-Tech\" \/>\n<meta property=\"article:modified_time\" content=\"2024-06-13T11:34:41+00:00\" \/>\n<meta property=\"og:image\" content=\"https:\/\/c-tech-eg.com\/wp-content\/uploads\/2024\/05\/81k6xwi5m-L._AC_SX466_.jpg\" \/>\n\t<meta property=\"og:image:width\" content=\"466\" \/>\n\t<meta property=\"og:image:height\" content=\"636\" \/>\n\t<meta property=\"og:image:type\" content=\"image\/jpeg\" \/>\n<meta name=\"twitter:card\" content=\"summary_large_image\" \/>\n<script type=\"application\/ld+json\" class=\"yoast-schema-graph\">{\"@context\":\"https:\/\/schema.org\",\"@graph\":[{\"@type\":\"WebPage\",\"@id\":\"https:\/\/c-tech-eg.com\/ar\/product\/hp-probook-tower-600-g1-intel-core-i5-%d8%a7%d9%84%d8%ac%d9%8a%d9%84-%d8%a7%d9%84%d8%b1%d8%a7%d8%a8%d8%b9\/\",\"url\":\"https:\/\/c-tech-eg.com\/ar\/product\/hp-probook-tower-600-g1-intel-core-i5-%d8%a7%d9%84%d8%ac%d9%8a%d9%84-%d8%a7%d9%84%d8%b1%d8%a7%d8%a8%d8%b9\/\",\"name\":\"\u062c\u0647\u0627\u0632 \u0627\u062a\u0634 \u0628\u064a \u0628\u0631\u0648 \u0628\u0648\u0643 \u062a\u0627\u0648\u0631 600 \u062c\u064a 1\/ \u0627\u0646\u062a\u0644 \u0643\u0648\u0631 i5-4670\/ \u0627\u0644\u062c\u064a\u0644 \u0627\u0644\u0631\u0627\u0628\u0639\/ \u0631\u0627\u0645 4 \u062c\u064a\u062c\u0627\/ \u0630\u0627\u0643\u0631\u0629 500 \u062c\u064a\u062c\u0627 HDD - C-Tech\",\"isPartOf\":{\"@id\":\"https:\/\/c-tech-eg.com\/ar\/#website\"},\"primaryImageOfPage\":{\"@id\":\"https:\/\/c-tech-eg.com\/ar\/product\/hp-probook-tower-600-g1-intel-core-i5-%d8%a7%d9%84%d8%ac%d9%8a%d9%84-%d8%a7%d9%84%d8%b1%d8%a7%d8%a8%d8%b9\/#primaryimage\"},\"image\":{\"@id\":\"https:\/\/c-tech-eg.com\/ar\/product\/hp-probook-tower-600-g1-intel-core-i5-%d8%a7%d9%84%d8%ac%d9%8a%d9%84-%d8%a7%d9%84%d8%b1%d8%a7%d8%a8%d8%b9\/#primaryimage\"},\"thumbnailUrl\":\"https:\/\/c-tech-eg.com\/wp-content\/uploads\/2024\/05\/81k6xwi5m-L._AC_SX466_.jpg\",\"datePublished\":\"2024-05-20T09:51:33+00:00\",\"dateModified\":\"2024-06-13T11:34:41+00:00\",\"breadcrumb\":{\"@id\":\"https:\/\/c-tech-eg.com\/ar\/product\/hp-probook-tower-600-g1-intel-core-i5-%d8%a7%d9%84%d8%ac%d9%8a%d9%84-%d8%a7%d9%84%d8%b1%d8%a7%d8%a8%d8%b9\/#breadcrumb\"},\"inLanguage\":\"ar\",\"potentialAction\":[{\"@type\":\"ReadAction\",\"target\":[\"https:\/\/c-tech-eg.com\/ar\/product\/hp-probook-tower-600-g1-intel-core-i5-%d8%a7%d9%84%d8%ac%d9%8a%d9%84-%d8%a7%d9%84%d8%b1%d8%a7%d8%a8%d8%b9\/\"]}]},{\"@type\":\"ImageObject\",\"inLanguage\":\"ar\",\"@id\":\"https:\/\/c-tech-eg.com\/ar\/product\/hp-probook-tower-600-g1-intel-core-i5-%d8%a7%d9%84%d8%ac%d9%8a%d9%84-%d8%a7%d9%84%d8%b1%d8%a7%d8%a8%d8%b9\/#primaryimage\",\"url\":\"https:\/\/c-tech-eg.com\/wp-content\/uploads\/2024\/05\/81k6xwi5m-L._AC_SX466_.jpg\",\"contentUrl\":\"https:\/\/c-tech-eg.com\/wp-content\/uploads\/2024\/05\/81k6xwi5m-L._AC_SX466_.jpg\",\"width\":466,\"height\":636},{\"@type\":\"BreadcrumbList\",\"@id\":\"https:\/\/c-tech-eg.com\/ar\/product\/hp-probook-tower-600-g1-intel-core-i5-%d8%a7%d9%84%d8%ac%d9%8a%d9%84-%d8%a7%d9%84%d8%b1%d8%a7%d8%a8%d8%b9\/#breadcrumb\",\"itemListElement\":[{\"@type\":\"ListItem\",\"position\":1,\"name\":\"Home\",\"item\":\"https:\/\/c-tech-eg.com\/ar\/\"},{\"@type\":\"ListItem\",\"position\":2,\"name\":\"\u0627\u0644\u0645\u062a\u062c\u0631\",\"item\":\"https:\/\/c-tech-eg.com\/ar\/%d8%a7%d9%84%d9%85%d8%aa%d8%ac%d8%b1\/\"},{\"@type\":\"ListItem\",\"position\":3,\"name\":\"\u062c\u0647\u0627\u0632 \u0627\u062a\u0634 \u0628\u064a \u0628\u0631\u0648 \u0628\u0648\u0643 \u062a\u0627\u0648\u0631 600 \u062c\u064a 1\/ \u0627\u0646\u062a\u0644 \u0643\u0648\u0631 i5-4670\/ \u0627\u0644\u062c\u064a\u0644 \u0627\u0644\u0631\u0627\u0628\u0639\/ \u0631\u0627\u0645 4 \u062c\u064a\u062c\u0627\/ \u0630\u0627\u0643\u0631\u0629 500 \u062c\u064a\u062c\u0627 HDD\"}]},{\"@type\":\"WebSite\",\"@id\":\"https:\/\/c-tech-eg.com\/ar\/#website\",\"url\":\"https:\/\/c-tech-eg.com\/ar\/\",\"name\":\"C-Tech\",\"description\":\"\u0644\u062a\u062c\u0627\u0631\u0629 \u0648\u0627\u0633\u062a\u064a\u0631\u0627\u062f \u0648\u062a\u0635\u062f\u064a\u0631 \u0623\u062c\u0647\u0632\u0629 \u0627\u0644\u0643\u0645\u0628\u064a\u0648\u062a\u0631\",\"publisher\":{\"@id\":\"https:\/\/c-tech-eg.com\/ar\/#organization\"},\"potentialAction\":[{\"@type\":\"SearchAction\",\"target\":{\"@type\":\"EntryPoint\",\"urlTemplate\":\"https:\/\/c-tech-eg.com\/ar\/?s={search_term_string}\"},\"query-input\":{\"@type\":\"PropertyValueSpecification\",\"valueRequired\":true,\"valueName\":\"search_term_string\"}}],\"inLanguage\":\"ar\"},{\"@type\":\"Organization\",\"@id\":\"https:\/\/c-tech-eg.com\/ar\/#organization\",\"name\":\"C-Tech\",\"url\":\"https:\/\/c-tech-eg.com\/ar\/\",\"logo\":{\"@type\":\"ImageObject\",\"inLanguage\":\"ar\",\"@id\":\"https:\/\/c-tech-eg.com\/ar\/#\/schema\/logo\/image\/\",\"url\":\"https:\/\/c-tech-eg.com\/wp-content\/uploads\/2024\/05\/ctech-logo.webp\",\"contentUrl\":\"https:\/\/c-tech-eg.com\/wp-content\/uploads\/2024\/05\/ctech-logo.webp\",\"width\":200,\"height\":142,\"caption\":\"C-Tech\"},\"image\":{\"@id\":\"https:\/\/c-tech-eg.com\/ar\/#\/schema\/logo\/image\/\"}}]}<\/script>\n<!-- \/ Yoast SEO Premium plugin. -->","yoast_head_json":{"title":"\u062c\u0647\u0627\u0632 \u0627\u062a\u0634 \u0628\u064a \u0628\u0631\u0648 \u0628\u0648\u0643 \u062a\u0627\u0648\u0631 600 \u062c\u064a 1\/ \u0627\u0646\u062a\u0644 \u0643\u0648\u0631 i5-4670\/ \u0627\u0644\u062c\u064a\u0644 \u0627\u0644\u0631\u0627\u0628\u0639\/ \u0631\u0627\u0645 4 \u062c\u064a\u062c\u0627\/ \u0630\u0627\u0643\u0631\u0629 500 \u062c\u064a\u062c\u0627 HDD - C-Tech","robots":{"index":"index","follow":"follow","max-snippet":"max-snippet:-1","max-image-preview":"max-image-preview:large","max-video-preview":"max-video-preview:-1"},"canonical":"https:\/\/c-tech-eg.com\/ar\/product\/hp-probook-tower-600-g1-intel-core-i5-%d8%a7%d9%84%d8%ac%d9%8a%d9%84-%d8%a7%d9%84%d8%b1%d8%a7%d8%a8%d8%b9\/","og_locale":"ar_AR","og_type":"article","og_title":"\u062c\u0647\u0627\u0632 \u0627\u062a\u0634 \u0628\u064a \u0628\u0631\u0648 \u0628\u0648\u0643 \u062a\u0627\u0648\u0631 600 \u062c\u064a 1\/ \u0627\u0646\u062a\u0644 \u0643\u0648\u0631 i5-4670\/ \u0627\u0644\u062c\u064a\u0644 \u0627\u0644\u0631\u0627\u0628\u0639\/ \u0631\u0627\u0645 4 \u062c\u064a\u062c\u0627\/ \u0630\u0627\u0643\u0631\u0629 500 \u062c\u064a\u062c\u0627 HDD","og_description":"\u0627\u0644\u0645\u0639\u0627\u0644\u062c \u0648\u062d\u062f\u0629 \u0627\u0644\u0645\u0639\u0627\u0644\u062c\u0629 \u0627\u0644\u0645\u0631\u0643\u0632\u064a\u0629 Intel(R) Core(TM) i5-4670 @ 3.40 \u062c\u064a\u062c\u0627 \u0647\u0631\u062a\u0632\/\u0627\u0644\u062c\u064a\u0644 \u0627\u0644\u0631\u0627\u0628\u0639  \u0645\u0639\u0627\u0644\u062c \u0627\u0644\u0631\u0633\u0648\u0645\u0627\u062a \u0625\u0646\u062a\u0644\u00ae HD \u0627\u0644\u0631\u0633\u0648\u0645\u0627\u062a  \u0630\u0627\u0643\u0631\u0629 4 \u062c\u064a\u062c\u0627\u0628\u0627\u064a\u062a \u062f\u064a \u062f\u064a \u0622\u0631 3  \u062a\u062e\u0632\u064a\u0646 \u0645\u062d\u0631\u0643 \u0623\u0642\u0631\u0627\u0635 \u062b\u0627\u0628\u062a\u0629 SATA \u0628\u0633\u0639\u0629 500 \u062c\u064a\u062c\u0627\u0628\u0627\u064a\u062a \u0648\u0633\u0631\u0639\u0629 7200 \u062f\u0648\u0631\u0629 \u0641\u064a \u0627\u0644\u062f\u0642\u064a\u0642\u0629  \u0645\u062d\u0631\u0643 \u0627\u0644\u0623\u0642\u0631\u0627\u0635 \u0627\u0644\u0636\u0648\u0626\u064a\u0629 \u062f\u064a \u0641\u064a \u062f\u064a \u0633\u0648\u0628\u0631 \u0645\u062a\u0639\u062f\u062f  \u064a\u0643\u062a\u0628 \u0628\u0631\u062c","og_url":"https:\/\/c-tech-eg.com\/ar\/product\/hp-probook-tower-600-g1-intel-core-i5-%d8%a7%d9%84%d8%ac%d9%8a%d9%84-%d8%a7%d9%84%d8%b1%d8%a7%d8%a8%d8%b9\/","og_site_name":"C-Tech","article_modified_time":"2024-06-13T11:34:41+00:00","og_image":[{"width":466,"height":636,"url":"https:\/\/c-tech-eg.com\/wp-content\/uploads\/2024\/05\/81k6xwi5m-L._AC_SX466_.jpg","type":"image\/jpeg"}],"twitter_card":"summary_large_image","schema":{"@context":"https:\/\/schema.org","@graph":[{"@type":"WebPage","@id":"https:\/\/c-tech-eg.com\/ar\/product\/hp-probook-tower-600-g1-intel-core-i5-%d8%a7%d9%84%d8%ac%d9%8a%d9%84-%d8%a7%d9%84%d8%b1%d8%a7%d8%a8%d8%b9\/","url":"https:\/\/c-tech-eg.com\/ar\/product\/hp-probook-tower-600-g1-intel-core-i5-%d8%a7%d9%84%d8%ac%d9%8a%d9%84-%d8%a7%d9%84%d8%b1%d8%a7%d8%a8%d8%b9\/","name":"\u062c\u0647\u0627\u0632 \u0627\u062a\u0634 \u0628\u064a \u0628\u0631\u0648 \u0628\u0648\u0643 \u062a\u0627\u0648\u0631 600 \u062c\u064a 1\/ \u0627\u0646\u062a\u0644 \u0643\u0648\u0631 i5-4670\/ \u0627\u0644\u062c\u064a\u0644 \u0627\u0644\u0631\u0627\u0628\u0639\/ \u0631\u0627\u0645 4 \u062c\u064a\u062c\u0627\/ \u0630\u0627\u0643\u0631\u0629 500 \u062c\u064a\u062c\u0627 HDD - C-Tech","isPartOf":{"@id":"https:\/\/c-tech-eg.com\/ar\/#website"},"primaryImageOfPage":{"@id":"https:\/\/c-tech-eg.com\/ar\/product\/hp-probook-tower-600-g1-intel-core-i5-%d8%a7%d9%84%d8%ac%d9%8a%d9%84-%d8%a7%d9%84%d8%b1%d8%a7%d8%a8%d8%b9\/#primaryimage"},"image":{"@id":"https:\/\/c-tech-eg.com\/ar\/product\/hp-probook-tower-600-g1-intel-core-i5-%d8%a7%d9%84%d8%ac%d9%8a%d9%84-%d8%a7%d9%84%d8%b1%d8%a7%d8%a8%d8%b9\/#primaryimage"},"thumbnailUrl":"https:\/\/c-tech-eg.com\/wp-content\/uploads\/2024\/05\/81k6xwi5m-L._AC_SX466_.jpg","datePublished":"2024-05-20T09:51:33+00:00","dateModified":"2024-06-13T11:34:41+00:00","breadcrumb":{"@id":"https:\/\/c-tech-eg.com\/ar\/product\/hp-probook-tower-600-g1-intel-core-i5-%d8%a7%d9%84%d8%ac%d9%8a%d9%84-%d8%a7%d9%84%d8%b1%d8%a7%d8%a8%d8%b9\/#breadcrumb"},"inLanguage":"ar","potentialAction":[{"@type":"ReadAction","target":["https:\/\/c-tech-eg.com\/ar\/product\/hp-probook-tower-600-g1-intel-core-i5-%d8%a7%d9%84%d8%ac%d9%8a%d9%84-%d8%a7%d9%84%d8%b1%d8%a7%d8%a8%d8%b9\/"]}]},{"@type":"ImageObject","inLanguage":"ar","@id":"https:\/\/c-tech-eg.com\/ar\/product\/hp-probook-tower-600-g1-intel-core-i5-%d8%a7%d9%84%d8%ac%d9%8a%d9%84-%d8%a7%d9%84%d8%b1%d8%a7%d8%a8%d8%b9\/#primaryimage","url":"https:\/\/c-tech-eg.com\/wp-content\/uploads\/2024\/05\/81k6xwi5m-L._AC_SX466_.jpg","contentUrl":"https:\/\/c-tech-eg.com\/wp-content\/uploads\/2024\/05\/81k6xwi5m-L._AC_SX466_.jpg","width":466,"height":636},{"@type":"BreadcrumbList","@id":"https:\/\/c-tech-eg.com\/ar\/product\/hp-probook-tower-600-g1-intel-core-i5-%d8%a7%d9%84%d8%ac%d9%8a%d9%84-%d8%a7%d9%84%d8%b1%d8%a7%d8%a8%d8%b9\/#breadcrumb","itemListElement":[{"@type":"ListItem","position":1,"name":"Home","item":"https:\/\/c-tech-eg.com\/ar\/"},{"@type":"ListItem","position":2,"name":"\u0627\u0644\u0645\u062a\u062c\u0631","item":"https:\/\/c-tech-eg.com\/ar\/%d8%a7%d9%84%d9%85%d8%aa%d8%ac%d8%b1\/"},{"@type":"ListItem","position":3,"name":"\u062c\u0647\u0627\u0632 \u0627\u062a\u0634 \u0628\u064a \u0628\u0631\u0648 \u0628\u0648\u0643 \u062a\u0627\u0648\u0631 600 \u062c\u064a 1\/ \u0627\u0646\u062a\u0644 \u0643\u0648\u0631 i5-4670\/ \u0627\u0644\u062c\u064a\u0644 \u0627\u0644\u0631\u0627\u0628\u0639\/ \u0631\u0627\u0645 4 \u062c\u064a\u062c\u0627\/ \u0630\u0627\u0643\u0631\u0629 500 \u062c\u064a\u062c\u0627 HDD"}]},{"@type":"WebSite","@id":"https:\/\/c-tech-eg.com\/ar\/#website","url":"https:\/\/c-tech-eg.com\/ar\/","name":"C-Tech","description":"\u0644\u062a\u062c\u0627\u0631\u0629 \u0648\u0627\u0633\u062a\u064a\u0631\u0627\u062f \u0648\u062a\u0635\u062f\u064a\u0631 \u0623\u062c\u0647\u0632\u0629 \u0627\u0644\u0643\u0645\u0628\u064a\u0648\u062a\u0631","publisher":{"@id":"https:\/\/c-tech-eg.com\/ar\/#organization"},"potentialAction":[{"@type":"SearchAction","target":{"@type":"EntryPoint","urlTemplate":"https:\/\/c-tech-eg.com\/ar\/?s={search_term_string}"},"query-input":{"@type":"PropertyValueSpecification","valueRequired":true,"valueName":"search_term_string"}}],"inLanguage":"ar"},{"@type":"Organization","@id":"https:\/\/c-tech-eg.com\/ar\/#organization","name":"C-Tech","url":"https:\/\/c-tech-eg.com\/ar\/","logo":{"@type":"ImageObject","inLanguage":"ar","@id":"https:\/\/c-tech-eg.com\/ar\/#\/schema\/logo\/image\/","url":"https:\/\/c-tech-eg.com\/wp-content\/uploads\/2024\/05\/ctech-logo.webp","contentUrl":"https:\/\/c-tech-eg.com\/wp-content\/uploads\/2024\/05\/ctech-logo.webp","width":200,"height":142,"caption":"C-Tech"},"image":{"@id":"https:\/\/c-tech-eg.com\/ar\/#\/schema\/logo\/image\/"}}]}},"_links":{"self":[{"href":"https:\/\/c-tech-eg.com\/ar\/wp-json\/wp\/v2\/product\/16956","targetHints":{"allow":["GET"]}}],"collection":[{"href":"https:\/\/c-tech-eg.com\/ar\/wp-json\/wp\/v2\/product"}],"about":[{"href":"https:\/\/c-tech-eg.com\/ar\/wp-json\/wp\/v2\/types\/product"}],"replies":[{"embeddable":true,"href":"https:\/\/c-tech-eg.com\/ar\/wp-json\/wp\/v2\/comments?post=16956"}],"version-history":[{"count":0,"href":"https:\/\/c-tech-eg.com\/ar\/wp-json\/wp\/v2\/product\/16956\/revisions"}],"wp:featuredmedia":[{"embeddable":true,"href":"https:\/\/c-tech-eg.com\/ar\/wp-json\/wp\/v2\/media\/16709"}],"wp:attachment":[{"href":"https:\/\/c-tech-eg.com\/ar\/wp-json\/wp\/v2\/media?parent=16956"}],"wp:term":[{"taxonomy":"product_brand","embeddable":true,"href":"https:\/\/c-tech-eg.com\/ar\/wp-json\/wp\/v2\/product_brand?post=16956"},{"taxonomy":"product_cat","embeddable":true,"href":"https:\/\/c-tech-eg.com\/ar\/wp-json\/wp\/v2\/product_cat?post=16956"},{"taxonomy":"product_tag","embeddable":true,"href":"https:\/\/c-tech-eg.com\/ar\/wp-json\/wp\/v2\/product_tag?post=16956"}],"curies":[{"name":"wp","href":"https:\/\/api.w.org\/{rel}","templated":true}]}}